{"id":7,"date":"2023-08-28T14:21:11","date_gmt":"2023-08-28T14:21:11","guid":{"rendered":"https:\/\/nibs.lv\/?page_id=7"},"modified":"2023-08-30T16:26:56","modified_gmt":"2023-08-30T16:26:56","slug":"nibs","status":"publish","type":"page","link":"https:\/\/nibs.lv\/","title":{"rendered":"NIBS"},"content":{"rendered":"<div class=\"\" style=\"\" >\n    \n    <section class=\"u-black u-clearfix u-section-2\" id=\"carousel_58e9\">\n      <div class=\"data-layout-selected u-clearfix u-expanded-width u-gutter-0 u-layout-wrap u-layout-wrap-1\">\n        <div class=\"u-gutter-0 u-layout\">\n          <div class=\"u-layout-row\">\n            <div class=\"u-container-style u-image u-image-default u-layout-cell u-shading u-size-60 u-image-1\" data-image-width=\"2415\" data-image-height=\"1500\" style=\"background-image: linear-gradient(0deg, rgba(0, 0, 0, 0.45), rgba(0, 0, 0, 0.45)), url(&quot;https:\/\/nibs.lv\/wp-content\/uploads\/2023\/08\/workers-construction-site-hardhats-38293-2048x1272.jpeg&quot;);\">\n              <div class=\"u-container-layout u-container-layout-1\">\n                <img decoding=\"async\" class=\"u-image u-image-contain u-image-default u-image-2\" src=\"https:\/\/nibs.lv\/wp-content\/uploads\/2023\/08\/logo.png\" alt=\"\" data-image-width=\"969\" data-image-height=\"273\">\n                <a href=\"#kontakti\" class=\"u-active-grey-70 u-align-left u-black u-border-active-black u-border-hover-black u-border-none u-border-radius-50 u-btn u-button-style u-hover-grey-70 u-btn-1\">KONTAKTI<\/a>\n              <\/div>\n            <\/div>\n          <\/div>\n        <\/div>\n      <\/div>\n      \n    <\/section>\n    <section class=\"u-align-center u-black u-clearfix u-valign-middle-md u-valign-middle-sm u-section-3\" id=\"carousel_ec6f\">\n      <div class=\"data-layout-selected u-clearfix u-expanded-width u-gutter-0 u-layout-wrap u-layout-wrap-1\">\n        <div class=\"u-gutter-0 u-layout\">\n          <div class=\"u-layout-row\">\n            <div class=\"u-container-align-center u-container-style u-image u-layout-cell u-shape-rectangle u-size-30-lg u-size-30-xl u-size-60-md u-size-60-sm u-size-60-xs u-image-1\" data-image-width=\"1001\" data-image-height=\"1500\" style=\"background-image: url(&quot;https:\/\/nibs.lv\/wp-content\/uploads\/2023\/08\/pexels-photo-5691606.jpeg&quot;);\">\n              <div class=\"u-container-layout u-valign-middle-xs u-container-layout-1\"><\/div>\n            <\/div>\n            <div class=\"u-align-center-md u-align-center-sm u-align-center-xs u-container-style u-layout-cell u-shape-rectangle u-size-30-lg u-size-30-xl u-size-60-md u-size-60-sm u-size-60-xs u-layout-cell-2\">\n              <div class=\"u-container-layout u-valign-middle-xl u-container-layout-2\">\n                <h2 class=\"u-align-left-lg u-align-left-xl u-text u-text-1\"> \u0112ku celtniec\u012bba un iek\u0161darbu veik\u0161ana<\/h2>\n                <ul class=\"u-align-left-lg u-align-left-xl u-custom-list u-text u-text-2\"> Priv\u0101tm\u0101ju, \u0113ku b\u016bvniec\u012bba, Demont\u0101\u017eas darbi, Iek\u0161darbi, apdares darbi, remontdarbi, kr\u0101so\u0161anas darbi.<div>\u0112ku, fas\u0101des atjauno\u0161ana, apdare, m\u0101ju siltin\u0101\u0161ana.<\/div>\n                  <div>Betona gr\u012bdu iekl\u0101\u0161ana. <\/div>\n                <\/ul>\n              <\/div>\n            <\/div>\n          <\/div>\n        <\/div>\n      <\/div>\n    <\/section>\n    <section class=\"u-align-center u-clearfix u-grey-90 u-valign-middle-md u-section-4\" id=\"carousel_6ea1\">\n      <div class=\"data-layout-selected u-clearfix u-expanded-width u-gutter-0 u-layout-wrap u-layout-wrap-1\">\n        <div class=\"u-gutter-0 u-layout\">\n          <div class=\"u-layout-row\">\n            <div class=\"u-align-center-md u-align-center-sm u-align-center-xs u-align-right-lg u-align-right-xl u-container-style u-layout-cell u-size-30-lg u-size-30-xl u-size-60-md u-size-60-sm u-size-60-xs u-layout-cell-1\">\n              <div class=\"u-container-layout u-container-layout-1\">\n                <h2 class=\"u-text u-text-1\"> Bedru l\u0101p\u012b\u0161ana ziemas period\u0101<\/h2>\n                <ul class=\"u-custom-list u-text u-text-2\"> Bedr\u012b\u0161u&nbsp;remonts, asfalta&nbsp;bedr\u012b\u0161u&nbsp;likvid\u0113\u0161ana un&nbsp;l\u0101p\u012b\u0161ana <\/ul>\n              <\/div>\n            <\/div>\n            <div class=\"u-container-style u-image u-layout-cell u-shape-rectangle u-size-30-lg u-size-30-xl u-size-60-md u-size-60-sm u-size-60-xs u-image-1\" data-image-width=\"2520\" data-image-height=\"1418\" style=\"background-image: url(&quot;https:\/\/nibs.lv\/wp-content\/uploads\/2023\/08\/pexels-photo-302686.jpeg&quot;);\">\n              <div class=\"u-container-layout u-container-layout-2\"><\/div>\n            <\/div>\n          <\/div>\n        <\/div>\n      <\/div>\n    <\/section>\n    <section class=\"u-clearfix u-container-align-center u-grey-70 u-section-5\" id=\"kontakti\">\n      <div class=\"u-clearfix u-sheet\">\n        <div class=\"data-layout-selected u-clearfix u-expanded-width u-layout-wrap u-layout-wrap-1\">\n          <div class=\"u-gutter-0 u-layout\">\n            <div class=\"u-layout-row\">\n              <div class=\"u-align-center-md u-align-center-sm u-align-center-xs u-container-style u-layout-cell u-size-30 u-layout-cell-1\">\n                <div class=\"u-container-layout u-container-layout-1\">\n                  <h4 class=\"u-align-center-lg u-align-center-xl u-text u-text-1\">M\u016bsu kontakti<\/h4>\n                  <p class=\"u-align-center-lg u-align-center-xl u-text u-text-2\">+371 28104266<\/p>\n                  <p class=\"u-align-center-lg u-align-center-xl u-text u-text-3\">\n                    <a class=\"u-btn u-button-link u-button-style u-text-grey-5 u-btn-1\" href=\"mailto:office@nibs.lv?subject=V\u0113los sazin\u0101ties\">office@nibs.lv<\/a>\n                  <\/p>\n                  <p class=\"u-align-center-lg u-align-center-xl u-text u-text-4\">\n                    <a href=\"https:\/\/goo.gl\/maps\/FSu45CpvxndJCgCF6\" target=\"_blank\" class=\"u-btn u-button-link u-button-style u-text-body-alt-color u-btn-2\">Aleksandra \u010caka iela 114 \u2013 12, R\u012bga, LV-1012<\/a>\n                  <\/p>\n                <\/div>\n              <\/div>\n              <div class=\"u-align-center u-container-style u-layout-cell u-size-30 u-layout-cell-2\">\n                <div class=\"u-container-layout u-valign-top-md u-valign-top-sm u-valign-top-xs u-container-layout-2\">\n                  <h4 class=\"u-text u-text-5\">M\u016bsu rekviz\u012bti<\/h4>\n                  <p class=\"u-text u-text-6\">\n                    <span style=\"font-weight: 700;\">Nordic Industrial Building Supply SIA<\/span>\n                    <br>\n                    <span style=\"font-weight: 700;\">PVN numurs:<\/span> LV40203369275<br>\n                    <span style=\"font-weight: 700;\">B\u016bvkomersanta re\u0123istr\u0101cijas Nr.<\/span> 18177<br>&nbsp;<span style=\"font-weight: 700;\">Konts:<\/span> Swedbank AS\nLV26HABA0551052077394&nbsp;<br>\n                  <\/p>\n                <\/div>\n              <\/div>\n            <\/div>\n          <\/div>\n        <\/div>\n      <\/div>\n    <\/section>\n    <section class=\"u-clearfix u-grey-50 u-section-6\" id=\"sec-48d1\">\n      <div class=\"u-clearfix u-sheet u-valign-middle u-sheet-1\">\n        <div class=\"u-clearfix u-custom-html u-expanded-width u-custom-html-1\">\n          <center>\n            <a href=\"https:\/\/kxm.lv\">\n              <svg version=\"1.0\" xmlns=\"http:\/\/www.w3.org\/2000\/svg\" width=\"25\" viewBox=\"0 0 300.000000 229.000000\" preserveAspectRatio=\"xMidYMid meet\"><g transform=\"translate(0.000000,229.000000) scale(0.100000,-0.100000)\" fill=\"#000000\" stroke=\"none\"><path d=\"M2418 2182 c-26 -29 -43 -63 -58 -114 -12 -40 -32 -104 -45 -143 -13\n            -38 -67 -247 -120 -462 -53 -216 -101 -393 -105 -393 -14 0 -40 42 -255 425\n            -114 204 -219 383 -234 398 -60 65 -125 75 -173 26 l-31 -31 7 -286 c4 -158\n            13 -386 20 -507 7 -121 11 -223 9 -227 -2 -5 -39 -8 -81 -8 -180 -1 -483 -36\n            -637 -75 -49 -12 -91 -21 -93 -20 -11 10 52 104 162 243 69 88 126 164 126\n            169 0 5 22 35 49 66 60 71 189 327 230 457 57 179 60 223 20 275 -19 23 -27\n            25 -99 25 -51 0 -81 -4 -88 -13 -6 -7 -21 -58 -32 -112 -37 -172 -105 -328\n            -215 -495 -70 -105 -225 -295 -240 -293 -23 4 -47 180 -84 626 -13 155 -40\n            219 -103 246 -81 36 -104 36 -137 3 -17 -16 -33 -41 -36 -55 -4 -14 18 -207\n            49 -429 31 -222 56 -422 56 -446 0 -24 6 -75 14 -115 27 -139 27 -148 1 -202\n            -38 -77 -32 -103 35 -165 37 -34 38 -38 65 -185 21 -117 32 -157 51 -183 64\n            -84 163 -83 204 3 25 52 25 101 1 196 -11 41 -22 93 -26 115 l-6 42 213 51\n            c214 52 355 70 544 71 l72 0 6 -62 c3 -35 8 -116 12 -182 6 -110 9 -121 33\n            -148 20 -23 38 -31 73 -35 43 -5 50 -3 79 26 l32 32 -4 197 -4 197 53 10 c120\n            23 152 148 47 183 -22 7 -56 12 -77 10 -35 -3 -36 -2 -42 32 -3 19 -8 118 -11\n            220 -3 102 -8 200 -11 218 -7 46 8 40 34 -14 13 -25 103 -164 201 -307 98\n            -144 183 -272 189 -284 16 -30 74 -63 109 -63 64 0 95 48 107 164 5 46 137\n            693 163 794 18 74 40 -26 54 -251 7 -117 26 -267 59 -467 65 -390 98 -484 170\n            -491 80 -7 112 12 130 80 9 36 7 51 -20 127 -48 137 -96 422 -135 809 -20 193\n            -40 410 -44 483 -8 113 -13 141 -36 188 -31 64 -54 82 -116 90 -43 6 -46 4\n            -81 -34z M1228 1320 c-16 -12 -28 -34 -32 -60 -3 -22 -9 -40 -12 -40 -3 0 -19\n            11 -36 25 -35 29 -78 32 -101 7 -29 -32 -20 -63 34 -118 l51 -51 -20 -68 c-24\n            -77 -17 -111 22 -121 42 -10 60 0 82 44 l20 42 22 -25 c39 -44 112 -23 112 32\n            0 12 -21 47 -46 78 l-46 56 21 56 c28 74 28 127 -1 147 -29 21 -40 20 -70 -4z\"><\/path>\n<\/g> KxM <\/svg>\n            <\/a>\n          <\/center>\n        <\/div>\n      <\/div>\n    <\/section>\n    \n    \n    \n    \n  \n<\/div>","protected":false},"excerpt":{"rendered":"<p>KONTAKTI \u0112ku celtniec\u012bba un iek\u0161darbu veik\u0161ana Priv\u0101tm\u0101ju, \u0113ku b\u016bvniec\u012bba, Demont\u0101\u017eas darbi, Iek\u0161darbi, apdares darbi, remontdarbi, kr\u0101so\u0161anas darbi.\u0112ku, fas\u0101des atjauno\u0161ana, apdare, m\u0101ju siltin\u0101\u0161ana. Betona gr\u012bdu iekl\u0101\u0161ana. Bedru l\u0101p\u012b\u0161ana ziemas period\u0101 Bedr\u012b\u0161u&nbsp;remonts, asfalta&nbsp;bedr\u012b\u0161u&nbsp;likvid\u0113\u0161ana un&nbsp;l\u0101p\u012b\u0161ana M\u016bsu kontakti +371 28104266 office@nibs.lv Aleksandra \u010caka iela 114 \u2013 12, R\u012bga, LV-1012 M\u016bsu rekviz\u012bti Nordic Industrial Building Supply SIA PVN numurs: LV40203369275 [&hellip;]<\/p>\n","protected":false},"author":1,"featured_media":0,"parent":0,"menu_order":0,"comment_status":"closed","ping_status":"closed","template":"","meta":{"footnotes":""},"class_list":["post-7","page","type-page","status-publish","hentry"],"_links":{"self":[{"href":"https:\/\/nibs.lv\/index.php\/wp-json\/wp\/v2\/pages\/7","targetHints":{"allow":["GET"]}}],"collection":[{"href":"https:\/\/nibs.lv\/index.php\/wp-json\/wp\/v2\/pages"}],"about":[{"href":"https:\/\/nibs.lv\/index.php\/wp-json\/wp\/v2\/types\/page"}],"author":[{"embeddable":true,"href":"https:\/\/nibs.lv\/index.php\/wp-json\/wp\/v2\/users\/1"}],"replies":[{"embeddable":true,"href":"https:\/\/nibs.lv\/index.php\/wp-json\/wp\/v2\/comments?post=7"}],"version-history":[{"count":21,"href":"https:\/\/nibs.lv\/index.php\/wp-json\/wp\/v2\/pages\/7\/revisions"}],"predecessor-version":[{"id":75,"href":"https:\/\/nibs.lv\/index.php\/wp-json\/wp\/v2\/pages\/7\/revisions\/75"}],"wp:attachment":[{"href":"https:\/\/nibs.lv\/index.php\/wp-json\/wp\/v2\/media?parent=7"}],"curies":[{"name":"wp","href":"https:\/\/api.w.org\/{rel}","templated":true}]}}